{"id":1083,"date":"2025-09-29T12:00:00","date_gmt":"2025-09-29T12:00:00","guid":{"rendered":"https:\/\/colegioabogadosbari.org.ar\/?page_id=1083"},"modified":"2025-09-30T15:45:15","modified_gmt":"2025-09-30T15:45:15","slug":"evento-26-de-septiembre-2025","status":"publish","type":"page","link":"https:\/\/colegioabogadosbari.org.ar\/?page_id=1083","title":{"rendered":"Evento 26 de Septiembre 2025"},"content":{"rendered":"\n\n\n<h2>Restituci\u00f3n Internacional de Ni\u00f1os, Ni\u00f1as y Adolescentes<\/h2>\n\n\n\n\n<h4>26 de Septiembre de 2025<\/h4>\n<h2>Video de la capacitaci\u00f3n:<\/h2>\n\n\n\n\n\n\n\n\n\n<h2>Descargar presentaciones:<\/h2>\n\n\n\n\n\n\n\n\n\n\n\n<br>\n\n\n\n\n\n\n\n\n\n<h2>Galer\u00eda de im\u00e1genes:<\/h2>\n\n\n\n\n\n<h2>Video Resumen:<\/h2>\n\n\n\n","protected":false},"excerpt":{"rendered":"","protected":false},"author":1,"featured_media":0,"parent":0,"menu_order":0,"comment_status":"closed","ping_status":"closed","template":"","meta":{"pagelayer_contact_templates":[],"_pagelayer_content":"","footnotes":""},"class_list":["post-1083","page","type-page","status-publish","hentry"],"_links":{"self":[{"href":"https:\/\/colegioabogadosbari.org.ar\/index.php?rest_route=\/wp\/v2\/pages\/1083","targetHints":{"allow":["GET"]}}],"collection":[{"href":"https:\/\/colegioabogadosbari.org.ar\/index.php?rest_route=\/wp\/v2\/pages"}],"about":[{"href":"https:\/\/colegioabogadosbari.org.ar\/index.php?rest_route=\/wp\/v2\/types\/page"}],"author":[{"embeddable":true,"href":"https:\/\/colegioabogadosbari.org.ar\/index.php?rest_route=\/wp\/v2\/users\/1"}],"replies":[{"embeddable":true,"href":"https:\/\/colegioabogadosbari.org.ar\/index.php?rest_route=%2Fwp%2Fv2%2Fcomments&post=1083"}],"version-history":[{"count":11,"href":"https:\/\/colegioabogadosbari.org.ar\/index.php?rest_route=\/wp\/v2\/pages\/1083\/revisions"}],"predecessor-version":[{"id":1122,"href":"https:\/\/colegioabogadosbari.org.ar\/index.php?rest_route=\/wp\/v2\/pages\/1083\/revisions\/1122"}],"wp:attachment":[{"href":"https:\/\/colegioabogadosbari.org.ar\/index.php?rest_route=%2Fwp%2Fv2%2Fmedia&parent=1083"}],"curies":[{"name":"wp","href":"https:\/\/api.w.org\/{rel}","templated":true}]}}