{"id":1144,"date":"2025-10-31T11:19:13","date_gmt":"2025-10-31T11:19:13","guid":{"rendered":"https:\/\/colegioabogadosbari.org.ar\/?page_id=1144"},"modified":"2025-11-11T16:23:22","modified_gmt":"2025-11-11T16:23:22","slug":"evento-30-de-octubre-2025","status":"publish","type":"page","link":"https:\/\/colegioabogadosbari.org.ar\/?page_id=1144","title":{"rendered":"Evento 30 de octubre 2025"},"content":{"rendered":"\n\n\n\n<h2>Capacidad Jur\u00eddica y procesos de restricci\u00f3n: herramientas para profesionales del derecho en el siglo XXI<\/h2>\n\n\n\n\n\n\n<h4>30 de Octubre de 2025<\/h4>\n\n\n\n<h2>A cargo de la Dra. Luz Mar\u00eda Pagano, especialista en Derecho de Familia, y la Dra Mar\u00eda Marcela P\u00e1jaro, Jueza de la C\u00e1mara de Apelaciones en lo Civil, Comercial, Familia, Miner\u00eda y Contencioso Administrativo de Bariloche.<\/h2>\n<h2><\/h2>\n<p>&nbsp;<\/p>\n\n\n\n\n\n\n\n\n\n\n\n\n<h4>Presentaci\u00f3n Principal:<\/h4>\n\n\n\n\n\n\n\n\n\n\n\n\n\n\n\n\n<h4>Podcast 2da parte del Encuentro:<\/h4>\n\n\n\n\n\n\n\n\n\n\n\n\n<h4>Descargar documentos brindados por la Dra. Pagano:<\/h4>\n\n\n\n\n\n\n\n\n30 Oct 2025\n\n\n\n\n30 Oct 2025\n\n\n\n\n\n\n30 Oct 2025\n\n\n\n\n30 Oct 2025\n\n\n\n\n\n\n30 Oct 2025\n\n\n\n\n30 Oct 2025\n\n\n\n\n\n\n30 Oct 2025\n\n\n\n\n30 Oct 2025\n\n\n\n\n\n\n30 Oct 2025\n\n\n\n\n30 Oct 2025\n\n\n\n\n\n\n30 Oct 2025\n\n\n\n\n30 Oct 2025\n\n\n\n\n\n\n\n\n<h2>Galer\u00eda de im\u00e1genes:<\/h2>\n\n\n\n\n\n\n\n\n\n\n\n\n\n\n\n\n","protected":false},"excerpt":{"rendered":"","protected":false},"author":1,"featured_media":0,"parent":0,"menu_order":0,"comment_status":"closed","ping_status":"closed","template":"","meta":{"pagelayer_contact_templates":[],"_pagelayer_content":"","footnotes":""},"class_list":["post-1144","page","type-page","status-publish","hentry"],"_links":{"self":[{"href":"https:\/\/colegioabogadosbari.org.ar\/index.php?rest_route=\/wp\/v2\/pages\/1144","targetHints":{"allow":["GET"]}}],"collection":[{"href":"https:\/\/colegioabogadosbari.org.ar\/index.php?rest_route=\/wp\/v2\/pages"}],"about":[{"href":"https:\/\/colegioabogadosbari.org.ar\/index.php?rest_route=\/wp\/v2\/types\/page"}],"author":[{"embeddable":true,"href":"https:\/\/colegioabogadosbari.org.ar\/index.php?rest_route=\/wp\/v2\/users\/1"}],"replies":[{"embeddable":true,"href":"https:\/\/colegioabogadosbari.org.ar\/index.php?rest_route=%2Fwp%2Fv2%2Fcomments&post=1144"}],"version-history":[{"count":26,"href":"https:\/\/colegioabogadosbari.org.ar\/index.php?rest_route=\/wp\/v2\/pages\/1144\/revisions"}],"predecessor-version":[{"id":1212,"href":"https:\/\/colegioabogadosbari.org.ar\/index.php?rest_route=\/wp\/v2\/pages\/1144\/revisions\/1212"}],"wp:attachment":[{"href":"https:\/\/colegioabogadosbari.org.ar\/index.php?rest_route=%2Fwp%2Fv2%2Fmedia&parent=1144"}],"curies":[{"name":"wp","href":"https:\/\/api.w.org\/{rel}","templated":true}]}}