{"id":1383,"date":"2026-03-03T16:27:49","date_gmt":"2026-03-03T16:27:49","guid":{"rendered":"https:\/\/colegioabogadosbari.org.ar\/?page_id=1383"},"modified":"2026-04-01T13:04:29","modified_gmt":"2026-04-01T13:04:29","slug":"eventos-2025","status":"publish","type":"page","link":"https:\/\/colegioabogadosbari.org.ar\/?page_id=1383","title":{"rendered":"Eventos 2025"},"content":{"rendered":"\n\n\n<h2>Eventos Destacados 2025<\/h2>\n\n\n\n\n\n<h3 [object NamedNodeMap]>Diciembre 2025 &#8211; Cierre fin de a\u00f1o<\/h3>\n\n\n\n\n\n\n\n\n\n\n\n\n\n\n\n\n\n<h2>Eventos Destacados 2025<\/h2>\n\n\n\n\n\n\n\n<p>Lorem Ipsum has been the industry&#8217;s standard dummy text ever since the 1500s.<\/p>\n\n\n\n\n\n<h3>18.11.2025 Avances y Debates pendientes de las relaciones de familia a 10 a\u00f1o de vigencia del C.C. y C.N. con Dra. Marisa Herrera<\/h3>\n\n\n\n<h3><\/h3>&nbsp;\n\n\n\n<p [object NamedNodeMap]>Especialista en Derecho de Familia, Doctora en Derecho de la Facultad de Derecho de la Universidad de Buenos Aires, Investigadora Independiente de CONICET.<\/p>\n\n\n\n\n\n<p><br><\/p>\n\n\n\n<p><\/p>\n\n\n\n<p><br><\/p>\n\n\n\n\n\n\n\n\n\n\n\n\n\n\n\n<p><br><\/p>\n\n\n\n<h3>05.11.2025 Jornada de capacitaci\u00f3n presencial y virtual: \u00abUso de la Inteligencia Artificial en la Justicia\u00bb&nbsp;<\/h3><div><span style=\"font-family: Roboto; font-size: 16px; text-align: justify; color: rgb(0, 0, 0);\"><br><\/span><\/div>\n\n\n\n<p [object NamedNodeMap]>\u00a0Muy interesante capacitaci\u00f3n brindada por los Disertantes: Ph. D. Mariana S\u00e1nchez Caparr\u00f3s, Juan Cruz Garc\u00eda y Leandro Boisselier<\/p>\n\n\n\n<p><br><\/p>\n\n\n\n\n\n<p><br><\/p>\n\n\n\n\n\n\n\n<p>Lorem Ipsum has been the industry&#8217;s standard dummy text ever since the 1500s.<\/p>\n\n\n\n\n\n\n\n<p>Lorem Ipsum has been the industry&#8217;s standard dummy text ever since the 1500s.<\/p>\n\n\n\n\n\n\n\n<h3>10.11.2025 Se llev\u00f3 a cabo el Caf\u00e9 Jur\u00eddico \u201cOTICCA, OTIL y OTIF\u201d. Gran asistencia de colegiados. Agradecemos a los Coordinadores de cada unidad y a todo su equipo.<\/h3>\n\n\n\n<p><br><\/p>\n\n\n\n\n\n<p><br><\/p>\n\n\n\n\n\n\n\n<p><br><\/p>\n\n\n\n<p><br><\/p>\n\n\n\n\n\n\n\n<h3>30.10.2025 Capacidad Jur\u00eddica y procesos de restricci\u00f3n: herramientas para profesionales del derecho en el siglo XXI\u00a0<\/h3>\n\n\n\n<h3><\/h3>&nbsp;\n\n\n\n<p [object NamedNodeMap]>A cargo de la Dra. Luz Mar\u00eda Pagano, especialista en Derecho de Familia, y la Dra Mar\u00eda Marcela P\u00e1jaro, Jueza de la C\u00e1mara de Apelaciones en lo Civil, Comercial, Familia, Miner\u00eda de Buenos Aires y Contencioso Administrativo de Bariloche.a.<\/p>\n\n\n\n<p><br><\/p>\n\n\n\n<p><\/p>\n\n\n\n\n\n<p><br><\/p>\n\n\n\n\n\n<p>Lorem Ipsum has been the industry&#8217;s standard dummy text ever since the 1500s.<\/p>\n\n\n\n\n\n\n\n\n\n<p>Lorem Ipsum has been the industry&#8217;s standard dummy text ever since the 1500s.<\/p>\n\n\n\n\n\n\n\n<h3>16.10.2025 Caf\u00e9 Jur\u00eddico de Derecho Civil, con gran asistencia de colegiados<\/h3>\n\n\n\n<p><br><\/p>\n\n\n\n<p><span style=\"text-align: justify;\">\u00a0<\/span>Agradecemos al Dr. Cristian Tau Anzoategui, a la Dra. Victoria Queirolo y a todo su equipo de trabajo.<\/p>\n\n\n\n<p><br><\/p>\n\n\n\n<p><br><\/p>\n\n\n\n\n\n\n\n\n\n\n\n\n\n<h3>13.10.2025 Proyecto de Ley Arancelaria<\/h3>\n\n\n\n<h3><\/h3>&nbsp;\n\n\n\n<p [object NamedNodeMap]>Colegiados y colegiadas se reunieron para analizar el proyecto de ley arancelaria. Agradecemos las valiosas sugerencias y el trabajo de quienes participaron, en beneficio de toda la matr\u00edcula.<\/p>\n\n\n\n<p><br><\/p>\n\n\n\n<p><\/p>\n\n\n\n<p><br><\/p>\n\n\n\n\n\n<p>Lorem Ipsum has been the industry&#8217;s standard dummy text ever since the 1500s.<\/p>\n\n\n\n\n\n\n\n\n\n<p>Lorem Ipsum has been the industry&#8217;s standard dummy text ever since the 1500s.<\/p>\n\n\n\n<p><br><\/p>\n\n\n\n<p><br><\/p>\n\n\n\n\n\n<h3>07.10.2025 Entrega de reconocimientos a la trayectoria profesional de 25 y 50 a\u00f1os<\/h3>\n\n\n\n<p><span style=\"text-align: justify;\">&nbsp;A cargo del Presidente Dr. Ezequiel Palavecino, la Vice Presidenta Dra. Claudia L\u00f3pez, Secretario Dr.&nbsp; Gonzalo Perez Cavanagh y Tesorero Dr. JANKOVIC CORREA, Slavko Lucas del Colegio de Abogadas y Abogados, junto a familiares y amigos.&nbsp;<\/span><span style=\"text-align: justify;\">\ud835\udfda\ud835\udfdd \ud835\udd52\ud835\udd5f\u0303\ud835\udd60\ud835\udd64 \ud835\udd55\ud835\udd56 \ud835\udd5e\ud835\udd52\ud835\udd65\ud835\udd63\ud835\udd5a\ud835\udd54\ud835\udd66\ud835\udd5d\ud835\udd52\ud835\udd54\ud835\udd5a\ud835\udd60\u0301\ud835\udd5f:&nbsp;<\/span><span style=\"text-align: justify;\">GARNERO, Claudia,&nbsp;<\/span><span style=\"text-align: justify;\">TRIVENTI, Leonardo,&nbsp;<\/span><span style=\"text-align: justify;\">NICOLAS, Hern\u00e1n,&nbsp;<\/span><span style=\"text-align: justify;\">ARRONDO, Sebasti\u00e1n,&nbsp;<\/span><span style=\"text-align: justify;\">RODRIGUEZ, Ana Mar\u00eda<\/span><\/p><p style=\"text-align: justify;\">JOOS, Alan, SOLANA, Sergio, RANEA, Andrea. \ud835\udfdd\ud835\udfd8 \ud835\udd52\ud835\udd5f\u0303\ud835\udd60\ud835\udd64 \ud835\udd55\ud835\udd56 \ud835\udd44\ud835\udd52\ud835\udd65\ud835\udd63\ud835\udd5a\ud835\udd54\ud835\udd66\ud835\udd5d\ud835\udd52\ud835\udd54\ud835\udd5a\ud835\udd60\u0301\ud835\udd5f: BOTBOL, Marcos, MARIGO, Rub\u00e9n<\/p>\n\n\n\n\n\n\n\n\n\n\n\n\n\n<p>Lorem Ipsum has been the industry&#8217;s standard dummy text ever since the 1500s.<\/p>\n\n\n\n\n\n<h3>26.09.2025 Restituci\u00f3n Internacional de Ni\u00f1os, Ni\u00f1as y Adolescentes<\/h3>\n\n\n\n<h3><\/h3>&nbsp;\n\n\n\n<p [object NamedNodeMap]><span style=\"text-align: justify;\">El 26 de Septiembre de 2025 nuestro Colegio de Abogados de Bariloche recibi\u00f3 la visita de la Dra. Florencia Castro (Coordinadora Jur\u00eddica y Administrativa de la Oficina Regional para Am\u00e9rica Latina y el Caribe de la HCCH) y la Dra. Marcela Trillini, (Jueza de Familia y Jueza de Enlace por la Rep\u00fablica Argentina), quienes brindaron una capacitaci\u00f3n especial sobre los avances y desaf\u00edos de la estituci\u00f3n Internacional de Ni\u00f1os, Ni\u00f1as y Adolescentes de acuerdo al CH1980, CH1996, la nueva ley de procedimiento provincial y relocalizaci\u00f3n familiar internacional, para toda nuestra colegiatura tanto de forma presencial como online.<\/span><\/p>\n\n\n\n<p><br><\/p>\n\n\n\n<p><\/p>\n\n\n\n<p [object NamedNodeMap]>En nuestra secci\u00f3n destacada podr\u00e1n repasar el evento, descargar las presentaciones realizadas y disfrutar de la galer\u00eda de fotos del evento.<\/p>\n\n\n\n<p><br><\/p>\n\n\n\n\n\n<p><br><\/p>\n\n\n\n\n\n\n\n\n","protected":false},"excerpt":{"rendered":"","protected":false},"author":1,"featured_media":0,"parent":0,"menu_order":0,"comment_status":"closed","ping_status":"closed","template":"","meta":{"pagelayer_contact_templates":[],"_pagelayer_content":"","footnotes":""},"class_list":["post-1383","page","type-page","status-publish","hentry"],"_links":{"self":[{"href":"https:\/\/colegioabogadosbari.org.ar\/index.php?rest_route=\/wp\/v2\/pages\/1383","targetHints":{"allow":["GET"]}}],"collection":[{"href":"https:\/\/colegioabogadosbari.org.ar\/index.php?rest_route=\/wp\/v2\/pages"}],"about":[{"href":"https:\/\/colegioabogadosbari.org.ar\/index.php?rest_route=\/wp\/v2\/types\/page"}],"author":[{"embeddable":true,"href":"https:\/\/colegioabogadosbari.org.ar\/index.php?rest_route=\/wp\/v2\/users\/1"}],"replies":[{"embeddable":true,"href":"https:\/\/colegioabogadosbari.org.ar\/index.php?rest_route=%2Fwp%2Fv2%2Fcomments&post=1383"}],"version-history":[{"count":5,"href":"https:\/\/colegioabogadosbari.org.ar\/index.php?rest_route=\/wp\/v2\/pages\/1383\/revisions"}],"predecessor-version":[{"id":1518,"href":"https:\/\/colegioabogadosbari.org.ar\/index.php?rest_route=\/wp\/v2\/pages\/1383\/revisions\/1518"}],"wp:attachment":[{"href":"https:\/\/colegioabogadosbari.org.ar\/index.php?rest_route=%2Fwp%2Fv2%2Fmedia&parent=1383"}],"curies":[{"name":"wp","href":"https:\/\/api.w.org\/{rel}","templated":true}]}}