{"id":31,"date":"2022-08-30T21:38:49","date_gmt":"2022-08-30T21:38:49","guid":{"rendered":"https:\/\/colegioabogadosbari.org.ar\/about\/"},"modified":"2026-03-06T01:54:30","modified_gmt":"2026-03-06T01:54:30","slug":"contribuciones-y-vistas","status":"publish","type":"page","link":"https:\/\/colegioabogadosbari.org.ar\/?page_id=31","title":{"rendered":"Institucional"},"content":{"rendered":"\n\n\n\n<h2>INSTITUCIONAL\u00a0<\/h2>\n\n\n\n\n\n\n<h4>COLEGIO DE ABOGADOS Y PROCURADORES<\/h4>\n\n\n<h5>Nuestra historia<\/h5>\n\n\n<p>Se constituy\u00f3 el 28 de septiembre de 1966, siendo la primera Presidente la Dra. Ingeborg Leberle, a quien acompa\u00f1aron en tal noble misi\u00f3n los Dres. Pedro Lema, Manuel Bustamante y Jos\u00e9 Federico Ter\u00e1n Fr\u00edas, entre otros.<\/p>\n\n\n\n<p>Lorem Ipsum has been the industry&#8217;s standard dummy text ever since the 1500s.<\/p>\n\n\n\n\n\n<h4>DESCARGAR INSTITUCIONALES<\/h4>\n\n\n\n\n\n<p>ESTATUTO<\/p>\n\n\n\n\n\n<p>\u00a0TRIBUNAL DE DISCIPLINA  NORMATIVA<\/p>\n\n\n\n\n\n<p>REGLAMENTO DE LAS SUBMCOMISIONES<\/p>\n\n\n\n\n\n<p>CONSEJO DE LA MAGISTRATURA. Art. 204 y 220: Representantes<br><\/p>\n\n\n\n\n\n\n\n\n\n\n<h4>Comisi\u00f3n Directiva<\/h4>\n\n\n<h4>Ejercicio 2025-2027<\/h4>\n\n\n\n\n<p>\u00a0<\/p>\n\n\n\n\n\n\n\n\n<strong>\nPRESIDENTE<\/strong>: PALAVECINO, EZEQUIEL GONZALO&nbsp;\n\n\n<strong>\nVICEPRESIDENTA<\/strong>: LOPEZ, CLAUDIA SOLEDAD <span style=\"white-space:pre\">\t<\/span>&nbsp;\n\n\n<strong>\nSECRETARIO<\/strong>: PEREZ CAVANAGH GONZALO\n\n\n<strong>\nPROSECRETARIA<\/strong>: GSCHWIND, ALEXIA&nbsp; &nbsp;&nbsp;&nbsp;\n\n\n<strong><\/strong><strong>\nTESORERO<\/strong>: JANKOVIC CORREA, SLAVKO LUCAS&nbsp; &nbsp;\n\n\n\n\n<p>Lorem Ipsum has been the industry&#8217;s standard dummy text ever since the 1500s.<\/p>\n<p>Lorem Ipsum has been the industry&#8217;s standard dummy text ever since the 1500s.<\/p>\n<p>Lorem Ipsum has been the industry&#8217;s standard dummy text ever since the 1500s.<\/p>\n<p>Lorem Ipsum has been the industry&#8217;s standard dummy text ever since the 1500s.<\/p>\n<p>Lorem Ipsum has been the industry&#8217;s standard dummy text ever since the 1500s.<\/p>\n<p>Lorem Ipsum has been the industry&#8217;s standard dummy text ever since the 1500s.<\/p>\n<p>Lorem Ipsum has been the industry&#8217;s standard dummy text ever since the 1500s.<\/p>\n\n\n\nPRO TESORERA: HERMIDA, MARIA AYELEN&nbsp; &nbsp; &nbsp;\n\n\nSECRETARIO DE ACTAS: GUERRERO, PABLO&nbsp;&nbsp;\n\n\nVOCAL 1: ARROYO, SEBASTIAN&nbsp;&nbsp;\n\n\nVOCAL 2: SECCO, MARIA PAULA&nbsp; &nbsp;\n\n1\u00ba Vocal suplente: CRNKOVICH GIULIANO, MARIA\n2\u00ba Vocal suplente: JERMAN, NATASHA\n3\u00ba Vocal suplente: GARATE, AGUEDA\n\n\n\n\n\n\n\n\n\n\n\n<h4>Tribunal de Disciplina\u00a0<\/h4>\n\n\n<h4>Ejercicio 2025-2027<\/h4>\n\n\n\n\n<p>\u00a0<\/p>\n\n\n\n\n\n\nTitular 1\u00ba: VALDES, ALEJANDRO RODRIGO\n\n\nTitular 2\u00ba: TRIVENTI, LEONARDO EDGARDO\n\n\nTitular 3\u00ba: VILLAVERDE, PAOLA LIRIO DEL VALLE\n\n\nSuplente 1\u00ba: ARRONDO, SEBASTIAN\n\n\nSuplente 2\u00ba: MURGICH, MARIA LUCIA\n\n\nSuplente 3\u00ba: GARCIA BERRO, JUAN MANUEL\n\n\n\n\n\n\n\n\n\n\n\n\n\n\n<h4>Comisi\u00f3n Revisora de Cuentas\u00a0<\/h4>\n\n\n<h4>Ejercicio 2025-2027<\/h4>\n\n\n\n\n<p>\u00a0<\/p>\n\n\n\n\n\n\n\n\n\n<h2>Your Heading<\/h2>\n\nTitular 1\u00ba: AIASSA, CARLOS ALBERTO\n\n\nTitular 2\u00ba: DOMINGUEZ, MARTIN ENRIQUE\n\n\nTitular 3\u00ba: MEDINA, MARIA JOSE\n\n\n\n\n\n\n\n\n\n\n<p>\u00a0<\/p>\n\n\n\n\n\n\n\n\n\nLorem Ipsum has been the industry&#8217;s standard dummy text ever since the 1500s, when an unknown printer took a galley of type and scrambled it to make a type specimen book.\n\n\nLorem Ipsum has been the industry&#8217;s standard dummy text ever since the 1500s, when an unknown printer took a galley of type and scrambled it to make a type specimen book.\n\n\nLorem Ipsum has been the industry&#8217;s standard dummy text ever since the 1500s, when an unknown printer took a galley of type and scrambled it to make a type specimen book.\n\n\n\n\nLorem Ipsum has been the industry&#8217;s standard dummy text ever since the 1500s, when an unknown printer took a galley of type and scrambled it to make a type specimen book.\n\n\nLorem Ipsum has been the industry&#8217;s standard dummy text ever since the 1500s, when an unknown printer took a galley of type and scrambled it to make a type specimen book.\n\n\nLorem Ipsum has been the industry&#8217;s standard dummy text ever since the 1500s, when an unknown printer took a galley of type and scrambled it to make a type specimen book.\n\n<p>\u00a0<\/p>\n\n\n\n\n\n\n\n\n\n\n\n\n<h4>Comisiones hist\u00f3ricas <br><\/h4>\n\n\n\n\n\n\n\n\n\n\n\n\n\n\n\n\n\n\n\n\n\n","protected":false},"excerpt":{"rendered":"","protected":false},"author":1,"featured_media":0,"parent":0,"menu_order":0,"comment_status":"closed","ping_status":"closed","template":"","meta":{"pagelayer_contact_templates":[],"_pagelayer_content":"","footnotes":""},"class_list":["post-31","page","type-page","status-publish","hentry"],"_links":{"self":[{"href":"https:\/\/colegioabogadosbari.org.ar\/index.php?rest_route=\/wp\/v2\/pages\/31","targetHints":{"allow":["GET"]}}],"collection":[{"href":"https:\/\/colegioabogadosbari.org.ar\/index.php?rest_route=\/wp\/v2\/pages"}],"about":[{"href":"https:\/\/colegioabogadosbari.org.ar\/index.php?rest_route=\/wp\/v2\/types\/page"}],"author":[{"embeddable":true,"href":"https:\/\/colegioabogadosbari.org.ar\/index.php?rest_route=\/wp\/v2\/users\/1"}],"replies":[{"embeddable":true,"href":"https:\/\/colegioabogadosbari.org.ar\/index.php?rest_route=%2Fwp%2Fv2%2Fcomments&post=31"}],"version-history":[{"count":55,"href":"https:\/\/colegioabogadosbari.org.ar\/index.php?rest_route=\/wp\/v2\/pages\/31\/revisions"}],"predecessor-version":[{"id":1405,"href":"https:\/\/colegioabogadosbari.org.ar\/index.php?rest_route=\/wp\/v2\/pages\/31\/revisions\/1405"}],"wp:attachment":[{"href":"https:\/\/colegioabogadosbari.org.ar\/index.php?rest_route=%2Fwp%2Fv2%2Fmedia&parent=31"}],"curies":[{"name":"wp","href":"https:\/\/api.w.org\/{rel}","templated":true}]}}