{"id":33,"date":"2022-08-30T21:38:49","date_gmt":"2022-08-30T21:38:49","guid":{"rendered":"https:\/\/colegioabogadosbari.org.ar\/home\/"},"modified":"2026-04-01T11:46:22","modified_gmt":"2026-04-01T11:46:22","slug":"home","status":"publish","type":"page","link":"https:\/\/colegioabogadosbari.org.ar\/","title":{"rendered":"Home"},"content":{"rendered":"\n\n\n\n\n.\n\n\n\n\n\n\n\n<font style=\"vertical-align: inherit;\"><font style=\"vertical-align: inherit;\"><font style=\"vertical-align: inherit;\"><font style=\"vertical-align: inherit;\"><font style=\"vertical-align: inherit;\"><font style=\"vertical-align: inherit;\">JUS $79.588\u00a0<\/font><\/font><\/font><\/font><\/font><\/font>\n\n\n\n<font style=\"vertical-align: inherit;\"><font style=\"vertical-align: inherit;\"><font style=\"vertical-align: inherit;\"><font style=\"vertical-align: inherit;\"><\/font><\/font><\/font><\/font><font style=\"vertical-align: inherit;\"><font style=\"vertical-align: inherit;\"><font style=\"vertical-align: inherit;\"><font style=\"vertical-align: inherit;\"><font style=\"vertical-align: inherit;\"><font style=\"vertical-align: inherit;\">BONO DE LEY $ 23.876,40<\/font><\/font><\/font><\/font><\/font><\/font>\n\n\n\n\n\n\n\n\n\n<p> INFORMACI\u00d3N: sec.adm@colegioabogadosbari.org.ar <br>COMISION DIRECTIVA: presidencia@colegioabogadosbari.org.ar<br>SECRETAR\u00cdA ADMINISTRATIVA: sec.adm@colegioabogadosbari.org.ar <br>PAGO DE MATRICULA- TESORERIA: tesoreria@colegioabogadosbari.org.ar<br><br><br><\/p>\n\n\n\n\n\n\n\n\n\n\n\n\n\n\n\n\n\n\n\n\n\n\n\n\n\nAtenci\u00f3n colegiatura de lunes a viernes de 9hs a 14hs.\n\n\n\n\n\n\n\n\n\n\n\n<h2><img decoding=\"async\" draggable=\"true\" role=\"img\" class=\"emoji\" alt=\"\ud83d\udce2\" src=\"https:\/\/s.w.org\/images\/core\/emoji\/17.0.2\/svg\/1f4e2.svg\"> \u00a1Ya est\u00e1 abierta la inscripci\u00f3n!\n \n<img decoding=\"async\" draggable=\"true\" role=\"img\" class=\"emoji\" alt=\"\ud83c\udf93\" src=\"https:\/\/s.w.org\/images\/core\/emoji\/17.0.2\/svg\/1f393.svg\"> VII Seminario Internacional \u201cLos MARC y la Mediaci\u00f3n\u201d\n<img decoding=\"async\" draggable=\"true\" role=\"img\" class=\"emoji\" alt=\"\ud83e\udde9\" src=\"https:\/\/s.w.org\/images\/core\/emoji\/17.0.2\/svg\/1f9e9.svg\"> Aprendizajes, tensiones y desaf\u00edos para promover el di\u00e1logo social&nbsp;25 al 30 de marzo de 2026<\/h2><h2><\/h2>\n\n\n\n\n\n\n\n\n\n\n\n\n\n\n\n\n\nSERVICIO 2026 &nbsp;\n\n\n\n<h3>Inscripci\u00f3n en el d\u00e9bito autom\u00e1tico:<\/h3>\n\n\n\n\n\n\n\n\n\n\n\n\n\n<p>Lorem Ipsum has been the industry&#8217;s standard dummy text ever since the 1500s.<\/p>\n\n\n\n\n\n<p>Lorem Ipsum has been the industry&#8217;s standard dummy text ever since the 1500s.<\/p>\n\n\n\n<p><br><\/p>\n\n\n\n<p><\/p>\n\n\n\n<p><br><\/p>\n\n\n\n\n\n\n\n\n\n\n\n\n\n\n\n\n\n\n\n\n\n\n\n<p>Lorem Ipsum has been the industry&#8217;s standard dummy text ever since the 1500s.<\/p>\n\n\n\n\n\n\n\n\n\n<h3><strong>24.2.2026<\/strong> Primera reuni\u00f3n del a\u00f1o con el Dr. Iv\u00e1n Sosa Lukman, Juez referente de OTICCA, y la Secretaria Coordinadora, Dra. Silvana Navarro.<\/h3>\n\n\n\n<h3><\/h3>&nbsp;\n\n\n\n<p>El pasado martes por la tarde se llev\u00f3 a cabo la primera reuni\u00f3n del a\u00f1o con el Dr. Iv\u00e1n Sosa Lukman, Juez referente de OTICCA, y la Secretaria Coordinadora, Dra. Silvana Navarro. El encuentro tuvo como objetivo principal mantener una comunicaci\u00f3n activa y fortalecer los espacios de di\u00e1logo y participaci\u00f3n con los matriculados.<span style=\"font-family: &quot;Helvetica Neue&quot;; font-size: 13px;\"><\/span><\/p>\n\n\n\n<p><br><\/p>\n\n\n\n<p><\/p>\n\n\n\n<p><br><\/p>\n\n\n\n\n\n\n\n<h4>Toda la informaci\u00f3n que necesitas<\/h4>\n\n\n\n<h2>Informaci\u00f3n para nuestros colegiados\n\n\n\n\n\n<p><strong style=\"font-family: Montserrat; color: rgb(255, 255, 255);\">MATRICULA<\/strong><\/p>\n\n\n\n\n\n<p><span style=\"font-family: Montserrat; font-size: medium; color: rgb(255, 255, 255);\"><strong>BENEFICIOS Y DESCUENTOS<\/strong><\/span>\u00a0<\/p>\n\n\n\n\n\n<p><strong style=\"font-family: Montserrat; color: rgb(255, 255, 255);\">ALQUILER DEL QUINCHO<\/strong><\/p>\n\n\n\n\n\n\n\n\n\n\n\n\n\nSERVICIOS 2026\n\n\n\n<h3><strong>TOKEN <br><\/strong>PARA FIRMA DIGITAL<br><br><br><\/h3>\n\n\n\n<h3>Se puede abonar en efectivo, tarjeta de cr\u00e9dito o transferencia y retirarlo en Colegio.<br><\/h3><h3><br><br><\/h3>\n\n\n\n\n\n\n\n\n\n\n\n\n\n\n\n\n","protected":false},"excerpt":{"rendered":"","protected":false},"author":1,"featured_media":0,"parent":0,"menu_order":0,"comment_status":"closed","ping_status":"closed","template":"","meta":{"pagelayer_contact_templates":[],"_pagelayer_content":"","footnotes":""},"class_list":["post-33","page","type-page","status-publish","hentry"],"_links":{"self":[{"href":"https:\/\/colegioabogadosbari.org.ar\/index.php?rest_route=\/wp\/v2\/pages\/33","targetHints":{"allow":["GET"]}}],"collection":[{"href":"https:\/\/colegioabogadosbari.org.ar\/index.php?rest_route=\/wp\/v2\/pages"}],"about":[{"href":"https:\/\/colegioabogadosbari.org.ar\/index.php?rest_route=\/wp\/v2\/types\/page"}],"author":[{"embeddable":true,"href":"https:\/\/colegioabogadosbari.org.ar\/index.php?rest_route=\/wp\/v2\/users\/1"}],"replies":[{"embeddable":true,"href":"https:\/\/colegioabogadosbari.org.ar\/index.php?rest_route=%2Fwp%2Fv2%2Fcomments&post=33"}],"version-history":[{"count":237,"href":"https:\/\/colegioabogadosbari.org.ar\/index.php?rest_route=\/wp\/v2\/pages\/33\/revisions"}],"predecessor-version":[{"id":1480,"href":"https:\/\/colegioabogadosbari.org.ar\/index.php?rest_route=\/wp\/v2\/pages\/33\/revisions\/1480"}],"wp:attachment":[{"href":"https:\/\/colegioabogadosbari.org.ar\/index.php?rest_route=%2Fwp%2Fv2%2Fmedia&parent=33"}],"curies":[{"name":"wp","href":"https:\/\/api.w.org\/{rel}","templated":true}]}}